{"id":22115,"date":"2024-01-05T22:38:58","date_gmt":"2024-01-05T20:38:58","guid":{"rendered":"https:\/\/gatum.goodweb.od.ua\/contacto\/"},"modified":"2025-10-10T12:49:23","modified_gmt":"2025-10-10T09:49:23","slug":"contacto","status":"publish","type":"page","link":"https:\/\/gatum.io\/es\/contacto\/","title":{"rendered":"Contacto"},"content":{"rendered":"\t\t<div data-elementor-type=\"wp-page\" data-elementor-id=\"22115\" class=\"elementor elementor-22115 elementor-1173\" data-elementor-post-type=\"page\">\n\t\t\t\t<div class=\"elementor-element elementor-element-ce1db6a e-con-full e-flex e-con e-parent\" data-id=\"ce1db6a\" data-element_type=\"container\" data-settings=\"{&quot;background_background&quot;:&quot;gradient&quot;}\">\n\t\t<div class=\"elementor-element elementor-element-7ff6b96 e-con-full e-flex e-con e-child\" data-id=\"7ff6b96\" data-element_type=\"container\">\n\t\t\t\t<div class=\"elementor-element elementor-element-a9a2403 elementor-widget__width-initial elementor-widget elementor-widget-heading\" data-id=\"a9a2403\" data-element_type=\"widget\" data-widget_type=\"heading.default\">\n\t\t\t\t<div class=\"elementor-widget-container\">\n\t\t\t<style>\/*! elementor - v3.21.0 - 30-04-2024 *\/\n.elementor-heading-title{padding:0;margin:0;line-height:1}.elementor-widget-heading .elementor-heading-title[class*=elementor-size-]>a{color:inherit;font-size:inherit;line-height:inherit}.elementor-widget-heading .elementor-heading-title.elementor-size-small{font-size:15px}.elementor-widget-heading .elementor-heading-title.elementor-size-medium{font-size:19px}.elementor-widget-heading .elementor-heading-title.elementor-size-large{font-size:29px}.elementor-widget-heading .elementor-heading-title.elementor-size-xl{font-size:39px}.elementor-widget-heading .elementor-heading-title.elementor-size-xxl{font-size:59px}<\/style><h1 class=\"elementor-heading-title elementor-size-default\">Escala tu negocio <br>\ncont\u00e1ctanos<\/h1>\t\t<\/div>\n\t\t\t\t<\/div>\n\t\t<div class=\"elementor-element elementor-element-94142c3 e-flex e-con-boxed e-con e-child\" data-id=\"94142c3\" data-element_type=\"container\">\n\t\t\t\t\t<div class=\"e-con-inner\">\n\t\t\t\t\t<\/div>\n\t\t\t\t<\/div>\n\t\t\t\t<\/div>\n\t\t<div class=\"elementor-element elementor-element-43cd532 e-con-full e-flex e-con e-child\" data-id=\"43cd532\" data-element_type=\"container\">\n\t\t\t\t<div class=\"elementor-element elementor-element-9a727b3 elementor-widget elementor-widget-image\" data-id=\"9a727b3\" data-element_type=\"widget\" data-widget_type=\"image.default\">\n\t\t\t\t<div class=\"elementor-widget-container\">\n\t\t\t<style>\/*! elementor - v3.21.0 - 30-04-2024 *\/\n.elementor-widget-image{text-align:center}.elementor-widget-image a{display:inline-block}.elementor-widget-image a img[src$=\".svg\"]{width:48px}.elementor-widget-image img{vertical-align:middle;display:inline-block}<\/style>\t\t\t\t\t\t\t\t\t\t<img fetchpriority=\"high\" decoding=\"async\" width=\"2560\" height=\"2013\" src=\"https:\/\/gatum.io\/wp-content\/uploads\/2024\/01\/Group-399.png\" class=\"attachment-full size-full wp-image-1175\" alt=\"\" srcset=\"https:\/\/gatum.io\/wp-content\/uploads\/2024\/01\/Group-399.png 2560w, https:\/\/gatum.io\/wp-content\/uploads\/2024\/01\/Group-399-300x236.png 300w, https:\/\/gatum.io\/wp-content\/uploads\/2024\/01\/Group-399-1024x805.png 1024w, https:\/\/gatum.io\/wp-content\/uploads\/2024\/01\/Group-399-768x604.png 768w, https:\/\/gatum.io\/wp-content\/uploads\/2024\/01\/Group-399-1536x1208.png 1536w, https:\/\/gatum.io\/wp-content\/uploads\/2024\/01\/Group-399-2048x1610.png 2048w\" sizes=\"(max-width: 2560px) 100vw, 2560px\" \/>\t\t\t\t\t\t\t\t\t\t\t\t\t<\/div>\n\t\t\t\t<\/div>\n\t\t\t\t<\/div>\n\t\t\t\t<\/div>\n\t\t<div class=\"elementor-element elementor-element-76bb6bd e-con-full e-flex e-con e-parent\" data-id=\"76bb6bd\" data-element_type=\"container\">\n\t\t<div class=\"elementor-element elementor-element-e89a544 e-con-full e-flex e-con e-child\" data-id=\"e89a544\" data-element_type=\"container\">\n\t\t\t\t<div class=\"elementor-element elementor-element-657fd6a elementor-widget elementor-widget-heading\" data-id=\"657fd6a\" data-element_type=\"widget\" data-widget_type=\"heading.default\">\n\t\t\t\t<div class=\"elementor-widget-container\">\n\t\t\t<h2 class=\"elementor-heading-title elementor-size-default\">\u00bfNecesitas una soluci\u00f3n de telecomunicaciones?<\/h2>\t\t<\/div>\n\t\t\t\t<\/div>\n\t\t\t\t<div class=\"elementor-element elementor-element-a1defb2 elementor-widget elementor-widget-text-editor\" data-id=\"a1defb2\" data-element_type=\"widget\" data-widget_type=\"text-editor.default\">\n\t\t\t\t<div class=\"elementor-widget-container\">\n\t\t\t<style>\/*! elementor - v3.21.0 - 30-04-2024 *\/\n.elementor-widget-text-editor.elementor-drop-cap-view-stacked .elementor-drop-cap{background-color:#69727d;color:#fff}.elementor-widget-text-editor.elementor-drop-cap-view-framed .elementor-drop-cap{color:#69727d;border:3px solid;background-color:transparent}.elementor-widget-text-editor:not(.elementor-drop-cap-view-default) .elementor-drop-cap{margin-top:8px}.elementor-widget-text-editor:not(.elementor-drop-cap-view-default) .elementor-drop-cap-letter{width:1em;height:1em}.elementor-widget-text-editor .elementor-drop-cap{float:left;text-align:center;line-height:1;font-size:50px}.elementor-widget-text-editor .elementor-drop-cap-letter{display:inline-block}<\/style>\t\t\t\t<p>\u00a1Cu\u00e9ntanos sobre tu negocio, metas y necesidades y nuestro equipo se comunicar\u00e1 con ti para brindarte oportunidades de cooperaci\u00f3n!<\/p>\n\t\t\t\t\t\t<\/div>\n\t\t\t\t<\/div>\n\t\t\t\t<div class=\"elementor-element elementor-element-9c2d0c6 elementor-button-align-start elementor-widget elementor-widget-form\" data-id=\"9c2d0c6\" data-element_type=\"widget\" data-settings=\"{&quot;step_next_label&quot;:&quot;Next&quot;,&quot;step_previous_label&quot;:&quot;Previous&quot;,&quot;button_width&quot;:&quot;100&quot;,&quot;step_type&quot;:&quot;number_text&quot;,&quot;step_icon_shape&quot;:&quot;circle&quot;}\" data-widget_type=\"form.default\">\n\t\t\t\t<div class=\"elementor-widget-container\">\n\t\t\t<style>\/*! elementor-pro - v3.18.0 - 06-12-2023 *\/\n.elementor-button.elementor-hidden,.elementor-hidden{display:none}.e-form__step{width:100%}.e-form__step:not(.elementor-hidden){display:flex;flex-wrap:wrap}.e-form__buttons{flex-wrap:wrap}.e-form__buttons,.e-form__buttons__wrapper{display:flex}.e-form__indicators{display:flex;justify-content:space-between;align-items:center;flex-wrap:nowrap;font-size:13px;margin-bottom:var(--e-form-steps-indicators-spacing)}.e-form__indicators__indicator{display:flex;flex-direction:column;align-items:center;justify-content:center;flex-basis:0;padding:0 var(--e-form-steps-divider-gap)}.e-form__indicators__indicator__progress{width:100%;position:relative;background-color:var(--e-form-steps-indicator-progress-background-color);border-radius:var(--e-form-steps-indicator-progress-border-radius);overflow:hidden}.e-form__indicators__indicator__progress__meter{width:var(--e-form-steps-indicator-progress-meter-width,0);height:var(--e-form-steps-indicator-progress-height);line-height:var(--e-form-steps-indicator-progress-height);padding-right:15px;border-radius:var(--e-form-steps-indicator-progress-border-radius);background-color:var(--e-form-steps-indicator-progress-color);color:var(--e-form-steps-indicator-progress-meter-color);text-align:right;transition:width .1s linear}.e-form__indicators__indicator:first-child{padding-left:0}.e-form__indicators__indicator:last-child{padding-right:0}.e-form__indicators__indicator--state-inactive{color:var(--e-form-steps-indicator-inactive-primary-color,#c2cbd2)}.e-form__indicators__indicator--state-inactive [class*=indicator--shape-]:not(.e-form__indicators__indicator--shape-none){background-color:var(--e-form-steps-indicator-inactive-secondary-color,#fff)}.e-form__indicators__indicator--state-inactive object,.e-form__indicators__indicator--state-inactive svg{fill:var(--e-form-steps-indicator-inactive-primary-color,#c2cbd2)}.e-form__indicators__indicator--state-active{color:var(--e-form-steps-indicator-active-primary-color,#39b54a);border-color:var(--e-form-steps-indicator-active-secondary-color,#fff)}.e-form__indicators__indicator--state-active [class*=indicator--shape-]:not(.e-form__indicators__indicator--shape-none){background-color:var(--e-form-steps-indicator-active-secondary-color,#fff)}.e-form__indicators__indicator--state-active object,.e-form__indicators__indicator--state-active svg{fill:var(--e-form-steps-indicator-active-primary-color,#39b54a)}.e-form__indicators__indicator--state-completed{color:var(--e-form-steps-indicator-completed-secondary-color,#fff)}.e-form__indicators__indicator--state-completed [class*=indicator--shape-]:not(.e-form__indicators__indicator--shape-none){background-color:var(--e-form-steps-indicator-completed-primary-color,#39b54a)}.e-form__indicators__indicator--state-completed .e-form__indicators__indicator__label{color:var(--e-form-steps-indicator-completed-primary-color,#39b54a)}.e-form__indicators__indicator--state-completed .e-form__indicators__indicator--shape-none{color:var(--e-form-steps-indicator-completed-primary-color,#39b54a);background-color:initial}.e-form__indicators__indicator--state-completed object,.e-form__indicators__indicator--state-completed svg{fill:var(--e-form-steps-indicator-completed-secondary-color,#fff)}.e-form__indicators__indicator__icon{width:var(--e-form-steps-indicator-padding,30px);height:var(--e-form-steps-indicator-padding,30px);font-size:var(--e-form-steps-indicator-icon-size);border-width:1px;border-style:solid;display:flex;justify-content:center;align-items:center;overflow:hidden;margin-bottom:10px}.e-form__indicators__indicator__icon img,.e-form__indicators__indicator__icon object,.e-form__indicators__indicator__icon svg{width:var(--e-form-steps-indicator-icon-size);height:auto}.e-form__indicators__indicator__icon .e-font-icon-svg{height:1em}.e-form__indicators__indicator__number{width:var(--e-form-steps-indicator-padding,30px);height:var(--e-form-steps-indicator-padding,30px);border-width:1px;border-style:solid;display:flex;justify-content:center;align-items:center;margin-bottom:10px}.e-form__indicators__indicator--shape-circle{border-radius:50%}.e-form__indicators__indicator--shape-square{border-radius:0}.e-form__indicators__indicator--shape-rounded{border-radius:5px}.e-form__indicators__indicator--shape-none{border:0}.e-form__indicators__indicator__label{text-align:center}.e-form__indicators__indicator__separator{width:100%;height:var(--e-form-steps-divider-width);background-color:#babfc5}.e-form__indicators--type-icon,.e-form__indicators--type-icon_text,.e-form__indicators--type-number,.e-form__indicators--type-number_text{align-items:flex-start}.e-form__indicators--type-icon .e-form__indicators__indicator__separator,.e-form__indicators--type-icon_text .e-form__indicators__indicator__separator,.e-form__indicators--type-number .e-form__indicators__indicator__separator,.e-form__indicators--type-number_text .e-form__indicators__indicator__separator{margin-top:calc(var(--e-form-steps-indicator-padding, 30px) \/ 2 - var(--e-form-steps-divider-width, 1px) \/ 2)}.elementor-field-type-hidden{display:none}.elementor-field-type-html{display:inline-block}.elementor-field-type-tel input{direction:inherit}.elementor-login .elementor-lost-password,.elementor-login .elementor-remember-me{font-size:.85em}.elementor-field-type-recaptcha_v3 .elementor-field-label{display:none}.elementor-field-type-recaptcha_v3 .grecaptcha-badge{z-index:1}.elementor-button .elementor-form-spinner{order:3}.elementor-form .elementor-button>span{display:flex;justify-content:center;align-items:center}.elementor-form .elementor-button .elementor-button-text{white-space:normal;flex-grow:0}.elementor-form .elementor-button svg{height:auto}.elementor-form .elementor-button .e-font-icon-svg{height:1em}.elementor-select-wrapper .select-caret-down-wrapper{position:absolute;top:50%;transform:translateY(-50%);inset-inline-end:10px;pointer-events:none;font-size:11px}.elementor-select-wrapper .select-caret-down-wrapper svg{display:unset;width:1em;aspect-ratio:unset;fill:currentColor}.elementor-select-wrapper .select-caret-down-wrapper i{font-size:19px;line-height:2}.elementor-select-wrapper.remove-before:before{content:\"\"!important}<\/style>\t\t<form class=\"elementor-form\" method=\"post\" name=\"New Form\">\n\t\t\t<input type=\"hidden\" name=\"post_id\" value=\"22115\"\/>\n\t\t\t<input type=\"hidden\" name=\"form_id\" value=\"9c2d0c6\"\/>\n\t\t\t<input type=\"hidden\" name=\"referer_title\" value=\"Full-featured SMS platform \u2013 GATUM by SempiCo Solutions\" \/>\n\n\t\t\t\n\t\t\t<div class=\"elementor-form-fields-wrapper elementor-labels-\">\n\t\t\t\t\t\t\t\t<div class=\"elementor-field-type-text elementor-field-group elementor-column elementor-field-group-name elementor-col-100\">\n\t\t\t\t\t\t\t\t\t\t\t\t<label for=\"form-field-name\" class=\"elementor-field-label elementor-screen-only\">\n\t\t\t\t\t\t\t\tName\t\t\t\t\t\t\t<\/label>\n\t\t\t\t\t\t\t\t\t\t\t\t\t\t<input size=\"1\" type=\"text\" name=\"form_fields[name]\" id=\"form-field-name\" class=\"elementor-field elementor-size-sm  elementor-field-textual\" placeholder=\"Nombre\">\n\t\t\t\t\t\t\t\t\t\t\t<\/div>\n\t\t\t\t\t\t\t\t<div class=\"elementor-field-type-text elementor-field-group elementor-column elementor-field-group-field_2e205f6 elementor-col-100\">\n\t\t\t\t\t\t\t\t\t\t\t\t<label for=\"form-field-field_2e205f6\" class=\"elementor-field-label elementor-screen-only\">\n\t\t\t\t\t\t\t\tName\t\t\t\t\t\t\t<\/label>\n\t\t\t\t\t\t\t\t\t\t\t\t\t\t<input size=\"1\" type=\"text\" name=\"form_fields[field_2e205f6]\" id=\"form-field-field_2e205f6\" class=\"elementor-field elementor-size-sm  elementor-field-textual\" placeholder=\"Skype\">\n\t\t\t\t\t\t\t\t\t\t\t<\/div>\n\t\t\t\t\t\t\t\t<div class=\"elementor-field-type-email elementor-field-group elementor-column elementor-field-group-email elementor-col-100 elementor-field-required\">\n\t\t\t\t\t\t\t\t\t\t\t\t<label for=\"form-field-email\" class=\"elementor-field-label elementor-screen-only\">\n\t\t\t\t\t\t\t\tEmail\t\t\t\t\t\t\t<\/label>\n\t\t\t\t\t\t\t\t\t\t\t\t\t\t<input size=\"1\" type=\"email\" name=\"form_fields[email]\" id=\"form-field-email\" class=\"elementor-field elementor-size-sm  elementor-field-textual\" placeholder=\"Email\" required=\"required\" aria-required=\"true\">\n\t\t\t\t\t\t\t\t\t\t\t<\/div>\n\t\t\t\t\t\t\t\t<div class=\"elementor-field-type-textarea elementor-field-group elementor-column elementor-field-group-message elementor-col-100\">\n\t\t\t\t\t\t\t\t\t\t\t\t<label for=\"form-field-message\" class=\"elementor-field-label elementor-screen-only\">\n\t\t\t\t\t\t\t\tMessage\t\t\t\t\t\t\t<\/label>\n\t\t\t\t\t\t<textarea class=\"elementor-field-textual elementor-field  elementor-size-sm\" name=\"form_fields[message]\" id=\"form-field-message\" rows=\"4\" placeholder=\"Message\"><\/textarea>\t\t\t\t<\/div>\n\t\t\t\t\t\t\t\t<div class=\"elementor-field-group elementor-column elementor-field-type-submit elementor-col-100 e-form__buttons\">\n\t\t\t\t\t<button type=\"submit\" class=\"elementor-button elementor-size-sm\">\n\t\t\t\t\t\t<span >\n\t\t\t\t\t\t\t\t\t\t\t\t\t\t\t<span class=\" elementor-button-icon\">\n\t\t\t\t\t\t\t\t\t\t\t\t\t\t\t\t\t\t\t\t\t\t\t\t\t\t<\/span>\n\t\t\t\t\t\t\t\t\t\t\t\t\t\t\t\t\t\t\t\t\t\t<span class=\"elementor-button-text\">Enviar<\/span>\n\t\t\t\t\t\t\t\t\t\t\t\t\t<\/span>\n\t\t\t\t\t<\/button>\n\t\t\t\t<\/div>\n\t\t\t<\/div>\n\t\t<\/form>\n\t\t\t\t<\/div>\n\t\t\t\t<\/div>\n\t\t\t\t<\/div>\n\t\t<div class=\"elementor-element elementor-element-111b971 e-con-full e-flex e-con e-child\" data-id=\"111b971\" data-element_type=\"container\">\n\t\t\t\t<div class=\"elementor-element elementor-element-e321daf elementor-widget elementor-widget-heading\" data-id=\"e321daf\" data-element_type=\"widget\" data-widget_type=\"heading.default\">\n\t\t\t\t<div class=\"elementor-widget-container\">\n\t\t\t<h2 class=\"elementor-heading-title elementor-size-default\">Informaci\u00f3n del contacto<\/h2>\t\t<\/div>\n\t\t\t\t<\/div>\n\t\t\t\t<div class=\"elementor-element elementor-element-97c2595 elementor-widget elementor-widget-text-editor\" data-id=\"97c2595\" data-element_type=\"widget\" data-widget_type=\"text-editor.default\">\n\t\t\t\t<div class=\"elementor-widget-container\">\n\t\t\t\t\t\t\tOficina en el Reino Unido<br>Unit 3041, Second Floor, 6 Market Place, London, Fitzrovia, United Kingdom, W1W 8AF<br>Sempico Solution Group LTD<br>sales@gatum.io<br>+44 (131) 608-09-06&nbsp;<br>&nbsp;<br>&nbsp;<br><br>Oficina en Georgia<br>Georgia, Tbilisi, Chugureti district, Ts. Dadiani street, N7, (plot N038\/044), commercial space, Nb229<br>Individual Entrepreneur BOHDAN RIABETS<br>bohdan.riabets@gatum.io<br>+995591412670\t\t\t\t\t\t<\/div>\n\t\t\t\t<\/div>\n\t\t\t\t<\/div>\n\t\t\t\t<\/div>\n\t\t\t\t<\/div>\n\t\t","protected":false},"excerpt":{"rendered":"<p>Escala tu negocio cont\u00e1ctanos \u00bfNecesitas una soluci\u00f3n de telecomunicaciones? \u00a1Cu\u00e9ntanos sobre tu negocio, metas y necesidades y nuestro equipo se comunicar\u00e1 con ti para brindarte oportunidades de cooperaci\u00f3n! Informaci\u00f3n del contacto Oficina en el Reino UnidoUnit 3041, Second Floor, 6 Market Place, London, Fitzrovia, United Kingdom, W1W 8AFSempico Solution Group LTDsales@gatum.io+44 (131) 608-09-06&nbsp;&nbsp;&nbsp; Oficina en [&hellip;]<\/p>\n","protected":false},"author":5,"featured_media":0,"parent":0,"menu_order":0,"comment_status":"closed","ping_status":"closed","template":"","meta":{"footnotes":""},"class_list":["post-22115","page","type-page","status-publish","hentry"],"yoast_head":"<!-- This site is optimized with the Yoast SEO plugin v24.3 - https:\/\/yoast.com\/wordpress\/plugins\/seo\/ -->\n<title>Contacto - Full-featured SMS platform \u2013 GATUM by SempiCo Solutions<\/title>\n<meta name=\"robots\" content=\"index, follow, max-snippet:-1, max-image-preview:large, max-video-preview:-1\" \/>\n<link rel=\"canonical\" href=\"https:\/\/gatum.io\/es\/contacto\/\" \/>\n<meta property=\"og:locale\" content=\"es_ES\" \/>\n<meta property=\"og:type\" content=\"article\" \/>\n<meta property=\"og:title\" content=\"Contacto - Full-featured SMS platform \u2013 GATUM by SempiCo Solutions\" \/>\n<meta property=\"og:description\" content=\"Escala tu negocio cont\u00e1ctanos \u00bfNecesitas una soluci\u00f3n de telecomunicaciones? \u00a1Cu\u00e9ntanos sobre tu negocio, metas y necesidades y nuestro equipo se comunicar\u00e1 con ti para brindarte oportunidades de cooperaci\u00f3n! Informaci\u00f3n del contacto Oficina en el Reino UnidoUnit 3041, Second Floor, 6 Market Place, London, Fitzrovia, United Kingdom, W1W 8AFSempico Solution Group LTDsales@gatum.io+44 (131) 608-09-06&nbsp;&nbsp;&nbsp; Oficina en [&hellip;]\" \/>\n<meta property=\"og:url\" content=\"https:\/\/gatum.io\/es\/contacto\/\" \/>\n<meta property=\"og:site_name\" content=\"Full-featured SMS platform \u2013 GATUM by SempiCo Solutions\" \/>\n<meta property=\"article:modified_time\" content=\"2025-10-10T09:49:23+00:00\" \/>\n<meta property=\"og:image\" content=\"https:\/\/gatum.io\/wp-content\/uploads\/2024\/01\/Group-399.png\" \/>\n\t<meta property=\"og:image:width\" content=\"2560\" \/>\n\t<meta property=\"og:image:height\" content=\"2013\" \/>\n\t<meta property=\"og:image:type\" content=\"image\/png\" \/>\n<meta name=\"twitter:card\" content=\"summary_large_image\" \/>\n<meta name=\"twitter:label1\" content=\"Est. reading time\" \/>\n\t<meta name=\"twitter:data1\" content=\"1 minute\" \/>\n<script type=\"application\/ld+json\" class=\"yoast-schema-graph\">{\"@context\":\"https:\/\/schema.org\",\"@graph\":[{\"@type\":\"WebPage\",\"@id\":\"https:\/\/gatum.io\/es\/contacto\/\",\"url\":\"https:\/\/gatum.io\/es\/contacto\/\",\"name\":\"Contacto - Full-featured SMS platform \u2013 GATUM by SempiCo Solutions\",\"isPartOf\":{\"@id\":\"https:\/\/gatum.io\/es\/#website\"},\"primaryImageOfPage\":{\"@id\":\"https:\/\/gatum.io\/es\/contacto\/#primaryimage\"},\"image\":{\"@id\":\"https:\/\/gatum.io\/es\/contacto\/#primaryimage\"},\"thumbnailUrl\":\"https:\/\/gatum.io\/wp-content\/uploads\/2024\/01\/Group-399.png\",\"datePublished\":\"2024-01-05T20:38:58+00:00\",\"dateModified\":\"2025-10-10T09:49:23+00:00\",\"breadcrumb\":{\"@id\":\"https:\/\/gatum.io\/es\/contacto\/#breadcrumb\"},\"inLanguage\":\"es-ES\",\"potentialAction\":[{\"@type\":\"ReadAction\",\"target\":[\"https:\/\/gatum.io\/es\/contacto\/\"]}]},{\"@type\":\"ImageObject\",\"inLanguage\":\"es-ES\",\"@id\":\"https:\/\/gatum.io\/es\/contacto\/#primaryimage\",\"url\":\"https:\/\/gatum.io\/wp-content\/uploads\/2024\/01\/Group-399.png\",\"contentUrl\":\"https:\/\/gatum.io\/wp-content\/uploads\/2024\/01\/Group-399.png\"},{\"@type\":\"BreadcrumbList\",\"@id\":\"https:\/\/gatum.io\/es\/contacto\/#breadcrumb\",\"itemListElement\":[{\"@type\":\"ListItem\",\"position\":1,\"name\":\"Home\",\"item\":\"https:\/\/gatum.io\/es\/\"},{\"@type\":\"ListItem\",\"position\":2,\"name\":\"Contacto\"}]},{\"@type\":\"WebSite\",\"@id\":\"https:\/\/gatum.io\/es\/#website\",\"url\":\"https:\/\/gatum.io\/es\/\",\"name\":\"GATUM by SempiCo Solutions - SMS Platform\",\"description\":\"sms, platform\",\"publisher\":{\"@id\":\"https:\/\/gatum.io\/es\/#organization\"},\"potentialAction\":[{\"@type\":\"SearchAction\",\"target\":{\"@type\":\"EntryPoint\",\"urlTemplate\":\"https:\/\/gatum.io\/es\/?s={search_term_string}\"},\"query-input\":{\"@type\":\"PropertyValueSpecification\",\"valueRequired\":true,\"valueName\":\"search_term_string\"}}],\"inLanguage\":\"es-ES\"},{\"@type\":\"Organization\",\"@id\":\"https:\/\/gatum.io\/es\/#organization\",\"name\":\"GATUM by SempiCo Solutions - SMS Platform\",\"url\":\"https:\/\/gatum.io\/es\/\",\"logo\":{\"@type\":\"ImageObject\",\"inLanguage\":\"es-ES\",\"@id\":\"https:\/\/gatum.io\/es\/#\/schema\/logo\/image\/\",\"url\":\"https:\/\/gatum.io\/wp-content\/uploads\/2023\/12\/GATUM-logo-1.svg\",\"contentUrl\":\"https:\/\/gatum.io\/wp-content\/uploads\/2023\/12\/GATUM-logo-1.svg\",\"width\":36,\"height\":68,\"caption\":\"GATUM by SempiCo Solutions - SMS Platform\"},\"image\":{\"@id\":\"https:\/\/gatum.io\/es\/#\/schema\/logo\/image\/\"}}]}<\/script>\n<!-- \/ Yoast SEO plugin. -->","yoast_head_json":{"title":"Contacto - Full-featured SMS platform \u2013 GATUM by SempiCo Solutions","robots":{"index":"index","follow":"follow","max-snippet":"max-snippet:-1","max-image-preview":"max-image-preview:large","max-video-preview":"max-video-preview:-1"},"canonical":"https:\/\/gatum.io\/es\/contacto\/","og_locale":"es_ES","og_type":"article","og_title":"Contacto - Full-featured SMS platform \u2013 GATUM by SempiCo Solutions","og_description":"Escala tu negocio cont\u00e1ctanos \u00bfNecesitas una soluci\u00f3n de telecomunicaciones? \u00a1Cu\u00e9ntanos sobre tu negocio, metas y necesidades y nuestro equipo se comunicar\u00e1 con ti para brindarte oportunidades de cooperaci\u00f3n! Informaci\u00f3n del contacto Oficina en el Reino UnidoUnit 3041, Second Floor, 6 Market Place, London, Fitzrovia, United Kingdom, W1W 8AFSempico Solution Group LTDsales@gatum.io+44 (131) 608-09-06&nbsp;&nbsp;&nbsp; Oficina en [&hellip;]","og_url":"https:\/\/gatum.io\/es\/contacto\/","og_site_name":"Full-featured SMS platform \u2013 GATUM by SempiCo Solutions","article_modified_time":"2025-10-10T09:49:23+00:00","og_image":[{"width":2560,"height":2013,"url":"https:\/\/gatum.io\/wp-content\/uploads\/2024\/01\/Group-399.png","type":"image\/png"}],"twitter_card":"summary_large_image","twitter_misc":{"Est. reading time":"1 minute"},"schema":{"@context":"https:\/\/schema.org","@graph":[{"@type":"WebPage","@id":"https:\/\/gatum.io\/es\/contacto\/","url":"https:\/\/gatum.io\/es\/contacto\/","name":"Contacto - Full-featured SMS platform \u2013 GATUM by SempiCo Solutions","isPartOf":{"@id":"https:\/\/gatum.io\/es\/#website"},"primaryImageOfPage":{"@id":"https:\/\/gatum.io\/es\/contacto\/#primaryimage"},"image":{"@id":"https:\/\/gatum.io\/es\/contacto\/#primaryimage"},"thumbnailUrl":"https:\/\/gatum.io\/wp-content\/uploads\/2024\/01\/Group-399.png","datePublished":"2024-01-05T20:38:58+00:00","dateModified":"2025-10-10T09:49:23+00:00","breadcrumb":{"@id":"https:\/\/gatum.io\/es\/contacto\/#breadcrumb"},"inLanguage":"es-ES","potentialAction":[{"@type":"ReadAction","target":["https:\/\/gatum.io\/es\/contacto\/"]}]},{"@type":"ImageObject","inLanguage":"es-ES","@id":"https:\/\/gatum.io\/es\/contacto\/#primaryimage","url":"https:\/\/gatum.io\/wp-content\/uploads\/2024\/01\/Group-399.png","contentUrl":"https:\/\/gatum.io\/wp-content\/uploads\/2024\/01\/Group-399.png"},{"@type":"BreadcrumbList","@id":"https:\/\/gatum.io\/es\/contacto\/#breadcrumb","itemListElement":[{"@type":"ListItem","position":1,"name":"Home","item":"https:\/\/gatum.io\/es\/"},{"@type":"ListItem","position":2,"name":"Contacto"}]},{"@type":"WebSite","@id":"https:\/\/gatum.io\/es\/#website","url":"https:\/\/gatum.io\/es\/","name":"GATUM by SempiCo Solutions - SMS Platform","description":"sms, platform","publisher":{"@id":"https:\/\/gatum.io\/es\/#organization"},"potentialAction":[{"@type":"SearchAction","target":{"@type":"EntryPoint","urlTemplate":"https:\/\/gatum.io\/es\/?s={search_term_string}"},"query-input":{"@type":"PropertyValueSpecification","valueRequired":true,"valueName":"search_term_string"}}],"inLanguage":"es-ES"},{"@type":"Organization","@id":"https:\/\/gatum.io\/es\/#organization","name":"GATUM by SempiCo Solutions - SMS Platform","url":"https:\/\/gatum.io\/es\/","logo":{"@type":"ImageObject","inLanguage":"es-ES","@id":"https:\/\/gatum.io\/es\/#\/schema\/logo\/image\/","url":"https:\/\/gatum.io\/wp-content\/uploads\/2023\/12\/GATUM-logo-1.svg","contentUrl":"https:\/\/gatum.io\/wp-content\/uploads\/2023\/12\/GATUM-logo-1.svg","width":36,"height":68,"caption":"GATUM by SempiCo Solutions - SMS Platform"},"image":{"@id":"https:\/\/gatum.io\/es\/#\/schema\/logo\/image\/"}}]}},"_links":{"self":[{"href":"https:\/\/gatum.io\/es\/wp-json\/wp\/v2\/pages\/22115","targetHints":{"allow":["GET"]}}],"collection":[{"href":"https:\/\/gatum.io\/es\/wp-json\/wp\/v2\/pages"}],"about":[{"href":"https:\/\/gatum.io\/es\/wp-json\/wp\/v2\/types\/page"}],"author":[{"embeddable":true,"href":"https:\/\/gatum.io\/es\/wp-json\/wp\/v2\/users\/5"}],"replies":[{"embeddable":true,"href":"https:\/\/gatum.io\/es\/wp-json\/wp\/v2\/comments?post=22115"}],"version-history":[{"count":13,"href":"https:\/\/gatum.io\/es\/wp-json\/wp\/v2\/pages\/22115\/revisions"}],"predecessor-version":[{"id":23759,"href":"https:\/\/gatum.io\/es\/wp-json\/wp\/v2\/pages\/22115\/revisions\/23759"}],"wp:attachment":[{"href":"https:\/\/gatum.io\/es\/wp-json\/wp\/v2\/media?parent=22115"}],"curies":[{"name":"wp","href":"https:\/\/api.w.org\/{rel}","templated":true}]}}